{"id":2788,"date":"2020-12-14T15:49:57","date_gmt":"2020-12-14T13:49:57","guid":{"rendered":"https:\/\/extrahaus.ee\/?post_type=product&#038;p=2788"},"modified":"2023-01-19T13:01:35","modified_gmt":"2023-01-19T11:01:35","slug":"laeluhter-must","status":"publish","type":"product","link":"https:\/\/www.extrahaus.ee\/en\/product\/laeluhter-must\/","title":{"rendered":"Lael\u00fchter, must"},"content":{"rendered":"<p>Musta v\u00e4rvi &#8220;antique&#8221; lael\u00fchter.<\/p>\n<p>Valgus: soe<\/p>\n<p>&nbsp;<\/p>\n<p>Rendihinnale lisandub k\u00e4ibemaks.<\/p>\n<p>Rendihind on \u00fche \u00fcrituse\/p\u00e4eva kohta.<\/p>\n","protected":false},"excerpt":{"rendered":"Musta v\u00e4rvi &#8220;antique&#8221; lael\u00fchter. Valgus: soe &nbsp; Rendihinnale lisandub k\u00e4ibemaks. Rendihind on \u00fche \u00fcrituse\/p\u00e4eva kohta.","protected":false},"featured_media":2797,"comment_status":"open","ping_status":"closed","template":"","meta":{"_acf_changed":false},"product_brand":[],"product_cat":[121],"product_tag":[],"class_list":{"0":"post-2788","1":"product","2":"type-product","3":"status-publish","4":"has-post-thumbnail","6":"product_cat-valgustus","8":"first","9":"instock","10":"shipping-taxable","11":"purchasable","12":"product-type-simple"},"acf":[],"_links":{"self":[{"href":"https:\/\/www.extrahaus.ee\/en\/wp-json\/wp\/v2\/product\/2788"}],"collection":[{"href":"https:\/\/www.extrahaus.ee\/en\/wp-json\/wp\/v2\/product"}],"about":[{"href":"https:\/\/www.extrahaus.ee\/en\/wp-json\/wp\/v2\/types\/product"}],"replies":[{"embeddable":true,"href":"https:\/\/www.extrahaus.ee\/en\/wp-json\/wp\/v2\/comments?post=2788"}],"wp:featuredmedia":[{"embeddable":true,"href":"https:\/\/www.extrahaus.ee\/en\/wp-json\/wp\/v2\/media\/2797"}],"wp:attachment":[{"href":"https:\/\/www.extrahaus.ee\/en\/wp-json\/wp\/v2\/media?parent=2788"}],"wp:term":[{"taxonomy":"product_brand","embeddable":true,"href":"https:\/\/www.extrahaus.ee\/en\/wp-json\/wp\/v2\/product_brand?post=2788"},{"taxonomy":"product_cat","embeddable":true,"href":"https:\/\/www.extrahaus.ee\/en\/wp-json\/wp\/v2\/product_cat?post=2788"},{"taxonomy":"product_tag","embeddable":true,"href":"https:\/\/www.extrahaus.ee\/en\/wp-json\/wp\/v2\/product_tag?post=2788"}],"curies":[{"name":"wp","href":"https:\/\/api.w.org\/{rel}","templated":true}]}}